{"id":42,"date":"2023-08-26T19:39:25","date_gmt":"2023-08-26T19:39:25","guid":{"rendered":"https:\/\/drstours.mx\/?page_id=42"},"modified":"2023-08-27T02:29:36","modified_gmt":"2023-08-27T02:29:36","slug":"promociones-y-servicios","status":"publish","type":"page","link":"https:\/\/drstours.mx\/index.php\/promociones-y-servicios\/","title":{"rendered":"Servicios"},"content":{"rendered":"\n<p><strong>Nosotros ofrecemos:<\/strong><\/p>\n\n\n\n<div class=\"wp-block-columns is-layout-flex wp-container-core-columns-is-layout-28f84493 wp-block-columns-is-layout-flex\">\n<div class=\"wp-block-column is-layout-flow wp-block-column-is-layout-flow\">\n<figure class=\"wp-block-image size-full\"><img loading=\"lazy\" decoding=\"async\" width=\"736\" height=\"920\" src=\"https:\/\/drstours.mx\/wp-content\/uploads\/2023\/08\/1000084876_81f2775ea6f9ae8bb04e5ef881841aca-1_6_2023-7_18_21-p.-m.jpg\" alt=\"\" class=\"wp-image-79\" srcset=\"https:\/\/drstours.mx\/wp-content\/uploads\/2023\/08\/1000084876_81f2775ea6f9ae8bb04e5ef881841aca-1_6_2023-7_18_21-p.-m.jpg 736w, https:\/\/drstours.mx\/wp-content\/uploads\/2023\/08\/1000084876_81f2775ea6f9ae8bb04e5ef881841aca-1_6_2023-7_18_21-p.-m-240x300.jpg 240w\" sizes=\"auto, (max-width: 736px) 100vw, 736px\" \/><\/figure>\n\n\n\n<p><strong>Tours y Circuitos<\/strong><\/p>\n\n\n\n<p><em>Tanto nuestros tours como nuestros circuitos son sumamente distintos entre si, manejamos tours y circuitos por toda Europa, M\u00e9xico, Jap\u00f3n, entre muchos otros lugares.<\/em><\/p>\n\n\n\n<p><strong>Contamos con tour de tequila.<\/strong><\/p>\n<\/div>\n\n\n\n<div class=\"wp-block-column is-layout-flow wp-block-column-is-layout-flow\">\n<figure class=\"wp-block-image size-large\"><img loading=\"lazy\" decoding=\"async\" width=\"1024\" height=\"586\" src=\"https:\/\/drstours.mx\/wp-content\/uploads\/2023\/08\/1000096566_d8ae75cc246d617c597d4368e1bf6478-6_7_2023-2_58_12-p.-m-1024x586.jpg\" alt=\"\" class=\"wp-image-80\" srcset=\"https:\/\/drstours.mx\/wp-content\/uploads\/2023\/08\/1000096566_d8ae75cc246d617c597d4368e1bf6478-6_7_2023-2_58_12-p.-m-1024x586.jpg 1024w, https:\/\/drstours.mx\/wp-content\/uploads\/2023\/08\/1000096566_d8ae75cc246d617c597d4368e1bf6478-6_7_2023-2_58_12-p.-m-300x172.jpg 300w, https:\/\/drstours.mx\/wp-content\/uploads\/2023\/08\/1000096566_d8ae75cc246d617c597d4368e1bf6478-6_7_2023-2_58_12-p.-m-768x439.jpg 768w, https:\/\/drstours.mx\/wp-content\/uploads\/2023\/08\/1000096566_d8ae75cc246d617c597d4368e1bf6478-6_7_2023-2_58_12-p.-m-1536x878.jpg 1536w, https:\/\/drstours.mx\/wp-content\/uploads\/2023\/08\/1000096566_d8ae75cc246d617c597d4368e1bf6478-6_7_2023-2_58_12-p.-m.jpg 1600w\" sizes=\"auto, (max-width: 1024px) 100vw, 1024px\" \/><\/figure>\n\n\n\n<p><strong>Hoteles y Cruceros<\/strong><\/p>\n\n\n\n<p><em>Contamos con una gran diversidad de hoteles y cruceros, los cuales har\u00e1n que tus vacaciones sean totalmente m\u00e1gicas.<\/em><\/p>\n\n\n\n<figure class=\"wp-block-image size-full\"><img loading=\"lazy\" decoding=\"async\" width=\"800\" height=\"500\" src=\"https:\/\/drstours.mx\/wp-content\/uploads\/2023\/08\/1000106882_4fe8a143f617cc2edc63e6b5f0264fd8-9_8_2023-4_37_41-p.-m.jpg\" alt=\"\" class=\"wp-image-81\" srcset=\"https:\/\/drstours.mx\/wp-content\/uploads\/2023\/08\/1000106882_4fe8a143f617cc2edc63e6b5f0264fd8-9_8_2023-4_37_41-p.-m.jpg 800w, https:\/\/drstours.mx\/wp-content\/uploads\/2023\/08\/1000106882_4fe8a143f617cc2edc63e6b5f0264fd8-9_8_2023-4_37_41-p.-m-300x188.jpg 300w, https:\/\/drstours.mx\/wp-content\/uploads\/2023\/08\/1000106882_4fe8a143f617cc2edc63e6b5f0264fd8-9_8_2023-4_37_41-p.-m-768x480.jpg 768w\" sizes=\"auto, (max-width: 800px) 100vw, 800px\" \/><\/figure>\n\n\n\n<p class=\"has-text-align-center\"><em><strong>\u00a1Vive tu viaje como nunca antes!<\/strong><\/em><\/p>\n<\/div>\n\n\n\n<div class=\"wp-block-column is-layout-flow wp-block-column-is-layout-flow\">\n<figure class=\"wp-block-image size-large is-resized\"><img loading=\"lazy\" decoding=\"async\" src=\"https:\/\/drstours.mx\/wp-content\/uploads\/2023\/08\/1000084877_a7e147028d9955726bc4d29c6cf3ab8c-1_6_2023-7_19_39-p.-m-683x1024.jpg\" alt=\"\" class=\"wp-image-82\" style=\"width:232px;height:349px\" width=\"232\" height=\"349\" srcset=\"https:\/\/drstours.mx\/wp-content\/uploads\/2023\/08\/1000084877_a7e147028d9955726bc4d29c6cf3ab8c-1_6_2023-7_19_39-p.-m-683x1024.jpg 683w, https:\/\/drstours.mx\/wp-content\/uploads\/2023\/08\/1000084877_a7e147028d9955726bc4d29c6cf3ab8c-1_6_2023-7_19_39-p.-m-200x300.jpg 200w, https:\/\/drstours.mx\/wp-content\/uploads\/2023\/08\/1000084877_a7e147028d9955726bc4d29c6cf3ab8c-1_6_2023-7_19_39-p.-m.jpg 736w\" sizes=\"auto, (max-width: 232px) 100vw, 232px\" \/><\/figure>\n\n\n\n<p><strong>Paquetes<\/strong><\/p>\n\n\n\n<p><em>Contamos desde paquetes a parques tem\u00e1ticos, zonas arqueol\u00f3gicas, gastron\u00f3mico, entre mas.<\/em><\/p>\n\n\n\n<p><em>Los paquetes incluyen vuelos, hospedaje y traslados.<\/em><\/p>\n\n\n\n<p class=\"has-text-align-center\"><em><strong>\u00a1Todos los paquetes los vemos con sumo cuidado para ustedes!<\/strong><\/em><\/p>\n<\/div>\n<\/div>\n\n\n\n<div class=\"wp-block-columns is-layout-flex wp-container-core-columns-is-layout-28f84493 wp-block-columns-is-layout-flex\">\n<div class=\"wp-block-column is-layout-flow wp-block-column-is-layout-flow\">\n<figure class=\"wp-block-video\"><video height=\"720\" style=\"aspect-ratio: 720 \/ 720;\" width=\"720\" autoplay controls loop muted src=\"https:\/\/drstours.mx\/wp-content\/uploads\/2023\/08\/Loros-\u2010-Hecho-con-Clipchamp.mp4\" playsinline><\/video><\/figure>\n<\/div>\n\n\n\n<div class=\"wp-block-column is-layout-flow wp-block-column-is-layout-flow\">\n<figure class=\"wp-block-video\"><video height=\"720\" style=\"aspect-ratio: 720 \/ 720;\" width=\"720\" autoplay controls loop muted src=\"https:\/\/drstours.mx\/wp-content\/uploads\/2023\/08\/Avion-\u2010-Hecho-con-Clipchamp.mp4\" playsinline><\/video><\/figure>\n<\/div>\n\n\n\n<div class=\"wp-block-column is-layout-flow wp-block-column-is-layout-flow\">\n<figure class=\"wp-block-video\"><video height=\"720\" style=\"aspect-ratio: 720 \/ 720;\" width=\"720\" autoplay controls loop muted src=\"https:\/\/drstours.mx\/wp-content\/uploads\/2023\/08\/Disney-\u2010-Hecho-con-Clipchamp.mp4\" playsinline><\/video><\/figure>\n<\/div>\n<\/div>\n\n\n\n<div class=\"wp-block-cover alignfull is-light\" style=\"padding-top:50px;padding-right:50px;padding-bottom:50px;padding-left:50px;min-height:316px;aspect-ratio:unset;\"><span aria-hidden=\"true\" class=\"wp-block-cover__background has-black-background-color has-background-dim-10 has-background-dim\"><\/span><img loading=\"lazy\" decoding=\"async\" width=\"720\" height=\"1280\" class=\"wp-block-cover__image-background wp-image-73\" alt=\"\" src=\"https:\/\/drstours.mx\/wp-content\/uploads\/2023\/08\/46ff99555798ddba09698dc622dd3393.jpg\" data-object-fit=\"cover\" srcset=\"https:\/\/drstours.mx\/wp-content\/uploads\/2023\/08\/46ff99555798ddba09698dc622dd3393.jpg 720w, https:\/\/drstours.mx\/wp-content\/uploads\/2023\/08\/46ff99555798ddba09698dc622dd3393-169x300.jpg 169w, https:\/\/drstours.mx\/wp-content\/uploads\/2023\/08\/46ff99555798ddba09698dc622dd3393-576x1024.jpg 576w\" sizes=\"auto, (max-width: 720px) 100vw, 720px\" \/><div class=\"wp-block-cover__inner-container is-layout-flow wp-block-cover-is-layout-flow\">\n<div class=\"wp-block-group has-global-padding is-layout-constrained wp-block-group-is-layout-constrained\">\n<div class=\"wp-block-columns are-vertically-aligned-center is-layout-flex wp-container-core-columns-is-layout-28f84493 wp-block-columns-is-layout-flex\">\n<div class=\"wp-block-column is-vertically-aligned-center is-layout-flow wp-block-column-is-layout-flow\" style=\"padding-top:20px;padding-right:0px;padding-bottom:20px;padding-left:0px\">\n<div class=\"wp-block-group is-content-justification-space-between is-nowrap is-layout-flex wp-container-core-group-is-layout-bb3dfb5c wp-block-group-is-layout-flex\">\n<figure class=\"wp-block-image size-full wp-duotone-000000-000000-1\"><img decoding=\"async\" src=\"https:\/\/drstours.mx\/wp-content\/themes\/inspiro\/assets\/images\/laurel_left.png\" alt=\"\"\/><\/figure>\n\n\n\n<div class=\"wp-block-group is-layout-flow wp-block-group-is-layout-flow\">\n<p class=\"has-text-align-center has-white-color has-text-color has-small-font-size\" style=\"line-height:1\"><a href=\"mailto:rocio@drstours.mx\">rocio@drstours.mx<\/a><\/p>\n\n\n\n<p class=\"has-text-align-center has-white-color has-text-color has-small-font-size\"><a href=\"http:\/\/wa.me\/528186907345\" data-type=\"link\" data-id=\"wa.me\/528186907345\">Whatsapp<\/a><\/p>\n<\/div>\n\n\n\n<figure class=\"wp-block-image size-full wp-duotone-000000-000000-2\"><img decoding=\"async\" src=\"https:\/\/drstours.mx\/wp-content\/themes\/inspiro\/assets\/images\/laurel_right.png\" alt=\"\"\/><\/figure>\n<\/div>\n<\/div>\n\n\n\n<div class=\"wp-block-column is-vertically-aligned-center is-layout-flow wp-block-column-is-layout-flow\" style=\"padding-top:20px;padding-right:0px;padding-bottom:20px;padding-left:0px\">\n<div class=\"wp-block-group is-content-justification-space-between is-nowrap is-layout-flex wp-container-core-group-is-layout-bb3dfb5c wp-block-group-is-layout-flex\">\n<figure class=\"wp-block-image size-full wp-duotone-000000-000000-3\"><img decoding=\"async\" src=\"https:\/\/drstours.mx\/wp-content\/themes\/inspiro\/assets\/images\/laurel_left.png\" alt=\"\"\/><\/figure>\n\n\n\n<div class=\"wp-block-group is-layout-flow wp-block-group-is-layout-flow\">\n<p class=\"has-white-color has-text-color has-small-font-size\"><a href=\"https:\/\/www.facebook.com\/profile.php?id=100093016555489&amp;mibextid=ZbWKwL\">Facebook<\/a><\/p>\n\n\n\n<p class=\"has-text-align-center has-white-color has-text-color has-small-font-size\"><a href=\"https:\/\/instagram.com\/drs_tours?utm_source=qr&amp;igshid=ZDc4ODBmNjlmNQ%3D%3D\">Instagram<\/a><\/p>\n<\/div>\n\n\n\n<figure class=\"wp-block-image size-full wp-duotone-000000-000000-4\"><img decoding=\"async\" src=\"https:\/\/drstours.mx\/wp-content\/themes\/inspiro\/assets\/images\/laurel_right.png\" alt=\"\"\/><\/figure>\n<\/div>\n<\/div>\n<\/div>\n<\/div>\n<\/div><\/div>\n","protected":false},"excerpt":{"rendered":"<p>Nosotros ofrecemos: Tours y Circuitos Tanto nuestros tours como nuestros circuitos son sumamente distintos entre si, manejamos tours y circuitos por toda Europa, M\u00e9xico, Jap\u00f3n, entre muchos otros lugares. Contamos con tour de tequila. Hoteles y Cruceros Contamos con una gran diversidad de hoteles y cruceros, los cuales har\u00e1n que tus vacaciones sean totalmente m\u00e1gicas. &hellip; <\/p>\n<p class=\"link-more\"><a href=\"https:\/\/drstours.mx\/index.php\/promociones-y-servicios\/\" class=\"more-link\">Leer m\u00e1s<span class=\"screen-reader-text\"> \u00abServicios\u00bb<\/span><\/a><\/p>\n","protected":false},"author":1,"featured_media":77,"parent":0,"menu_order":0,"comment_status":"closed","ping_status":"closed","template":"","meta":{"footnotes":""},"class_list":["post-42","page","type-page","status-publish","has-post-thumbnail","hentry"],"jetpack_sharing_enabled":true,"_links":{"self":[{"href":"https:\/\/drstours.mx\/index.php\/wp-json\/wp\/v2\/pages\/42","targetHints":{"allow":["GET"]}}],"collection":[{"href":"https:\/\/drstours.mx\/index.php\/wp-json\/wp\/v2\/pages"}],"about":[{"href":"https:\/\/drstours.mx\/index.php\/wp-json\/wp\/v2\/types\/page"}],"author":[{"embeddable":true,"href":"https:\/\/drstours.mx\/index.php\/wp-json\/wp\/v2\/users\/1"}],"replies":[{"embeddable":true,"href":"https:\/\/drstours.mx\/index.php\/wp-json\/wp\/v2\/comments?post=42"}],"version-history":[{"count":15,"href":"https:\/\/drstours.mx\/index.php\/wp-json\/wp\/v2\/pages\/42\/revisions"}],"predecessor-version":[{"id":159,"href":"https:\/\/drstours.mx\/index.php\/wp-json\/wp\/v2\/pages\/42\/revisions\/159"}],"wp:featuredmedia":[{"embeddable":true,"href":"https:\/\/drstours.mx\/index.php\/wp-json\/wp\/v2\/media\/77"}],"wp:attachment":[{"href":"https:\/\/drstours.mx\/index.php\/wp-json\/wp\/v2\/media?parent=42"}],"curies":[{"name":"wp","href":"https:\/\/api.w.org\/{rel}","templated":true}]}}